{"id":230,"date":"2021-02-23T22:17:39","date_gmt":"2021-02-23T21:17:39","guid":{"rendered":"http:\/\/heilkunst-therapie.de\/?page_id=230"},"modified":"2022-07-09T14:51:13","modified_gmt":"2022-07-09T12:51:13","slug":"methoden","status":"publish","type":"page","link":"https:\/\/heilkunst-therapie.de\/index.php\/methoden\/","title":{"rendered":"Methoden"},"content":{"rendered":"\n<p>Gemeinsam nachdenken ist ein guter Anfang, um zu verstehen, Anliegen zu formulieren, Ideen und W\u00fcnsche zu entwickeln, f\u00fcr den n\u00e4chsten Schritt. Wir alle sind facettenreich, vielschichtig und indem wir das f\u00fcrsorglich in den Blick nehmen, kann heilsames Wachsen beginnen.&nbsp; Ein wesentliches Element in diesem Prozess ist die <strong><a href=\"https:\/\/heilkunst-therapie.de\/index.php\/kunstpsychotherapie\/\" data-type=\"page\" data-id=\"179\">Kunstpsychotherapie<\/a>, kreativ, ressourcen- und l\u00f6sungsorientiert<\/strong> &#8211; ein kraftvolles Verfahren, das ausgesprochen selbsterm\u00e4chtigend wirkt und neue Spielr\u00e4ume \u00f6ffnet. <\/p>\n\n\n\n<p>Heilsame Bilder entstehen manchmal spontan oder zeigen sich in begleiteter Imagination. Bei der Hinwendung zu sich selbst ist die <a href=\"https:\/\/heilkunst-therapie.de\/index.php\/arbeit-mit-inneren-anteilen\/\" data-type=\"page\" data-id=\"183\"><strong>Arbeit mit inneren Anteilen<\/strong> <\/a>hilfreich. <\/p>\n\n\n\n<p>F\u00fchlen Sie sich eingeladen, Ihrer eigenen Vielseitigkeit zu lauschen und sich ganz in den Blick zu nehmen. Bereichernd flie\u00dft <strong>K\u00f6rperarbeit mit Elementen aus dem <a href=\"https:\/\/heilkunst-therapie.de\/index.php\/zapchen-somatics\/\" data-type=\"page\" data-id=\"189\">Zapchen somatics<\/a> und achtsamer Ber\u00fchrung<\/strong> in meine Arbeit ein. Im wohligen Erleben der eigenen K\u00f6rperlichkeit, der eigenen Sinnlichkeit liegt der Schl\u00fcssel zu lebendiger kraftvoller Pr\u00e4senz.<\/p>\n","protected":false},"excerpt":{"rendered":"<p>Gemeinsam nachdenken ist ein guter Anfang, um zu verstehen, Anliegen zu formulieren, Ideen und W\u00fcnsche zu entwickeln, f\u00fcr den n\u00e4chsten Schritt. Wir alle sind facettenreich, vielschichtig und indem wir das f\u00fcrsorglich in den Blick nehmen, kann heilsames Wachsen beginnen.&nbsp; Ein&hellip; <\/p>\n","protected":false},"author":1,"featured_media":0,"parent":0,"menu_order":0,"comment_status":"closed","ping_status":"closed","template":"","meta":{"footnotes":""},"class_list":["post-230","page","type-page","status-publish","hentry"],"_links":{"self":[{"href":"https:\/\/heilkunst-therapie.de\/index.php\/wp-json\/wp\/v2\/pages\/230","targetHints":{"allow":["GET"]}}],"collection":[{"href":"https:\/\/heilkunst-therapie.de\/index.php\/wp-json\/wp\/v2\/pages"}],"about":[{"href":"https:\/\/heilkunst-therapie.de\/index.php\/wp-json\/wp\/v2\/types\/page"}],"author":[{"embeddable":true,"href":"https:\/\/heilkunst-therapie.de\/index.php\/wp-json\/wp\/v2\/users\/1"}],"replies":[{"embeddable":true,"href":"https:\/\/heilkunst-therapie.de\/index.php\/wp-json\/wp\/v2\/comments?post=230"}],"version-history":[{"count":3,"href":"https:\/\/heilkunst-therapie.de\/index.php\/wp-json\/wp\/v2\/pages\/230\/revisions"}],"predecessor-version":[{"id":387,"href":"https:\/\/heilkunst-therapie.de\/index.php\/wp-json\/wp\/v2\/pages\/230\/revisions\/387"}],"wp:attachment":[{"href":"https:\/\/heilkunst-therapie.de\/index.php\/wp-json\/wp\/v2\/media?parent=230"}],"curies":[{"name":"wp","href":"https:\/\/api.w.org\/{rel}","templated":true}]}}