{"id":194,"date":"2021-02-23T04:35:55","date_gmt":"2021-02-23T03:35:55","guid":{"rendered":"http:\/\/heilkunst-therapie.de\/?page_id=194"},"modified":"2021-02-25T18:36:16","modified_gmt":"2021-02-25T17:36:16","slug":"ueber-mich","status":"publish","type":"page","link":"https:\/\/heilkunst-therapie.de\/index.php\/ueber-mich\/","title":{"rendered":"\u00dcber mich"},"content":{"rendered":"\n<p><img fetchpriority=\"high\" decoding=\"async\" width=\"393\" height=\"640\" class=\"wp-image-207\" style=\"width: 180px; float:right; margin-left: 15px;\" src=\"http:\/\/heilkunst-therapie.de\/wp-content\/uploads\/2021\/02\/birgit-kastner-cod01.jpg\" alt=\"\" srcset=\"https:\/\/heilkunst-therapie.de\/wp-content\/uploads\/2021\/02\/birgit-kastner-cod01.jpg 393w, https:\/\/heilkunst-therapie.de\/wp-content\/uploads\/2021\/02\/birgit-kastner-cod01-184x300.jpg 184w\" sizes=\"(max-width: 393px) 100vw, 393px\" \/>In den wilden 60-er Jahren in wenig wilde Verh\u00e4ltnisse geboren, liebte ich meine Farben und Pinsel, die Wiesen und W\u00e4lder, den M\u00fchlenbach und die satten K\u00fche, die B\u00fccher und Schallplatten mit Geschichten, in denen alles m\u00f6glich war.. , seit den 80-er Jahren lebe ich in Bielefeld, bin Mutter geworden, arbeitete als Designerin und orientierte mich dann neu. <\/p>\n\n\n\n<p>In den 90-er Jahren wurde ich Kunsttherapeutin und Heilpraktikerin f\u00fcr Psychotherapie, mittlerweile mit langj\u00e4hriger Erfahrung in klinischer Kunstpsychotherapie im Bereich Psychosomatik, Psychotraumatologie und Psychoonkologie. Seit 2008 bin ich in eigener Praxis t\u00e4tig und arbeite individuell KlientInnen orientiert und methoden\u00fcbergreifend. <\/p>\n\n\n\n<p>Schwerpunkt meiner Arbeit ist die Begleitung von Frauen. Ich praktiziere Zapchen und bin Gelegenheitsk\u00fcnstlerin, mich inspirieren lebendige Begegnungen, Kunst und Lebenskunst im Allt\u00e4glichen und im Besonderen, spirituelle und heilende Traditionen und Entwicklungen, immer wieder Naturerfahrungen und Erkenntnisse aus den Naturwissenschaften.<\/p>\n\n\n\n<h2 class=\"wp-block-heading\">Qualifikationen:<\/h2>\n\n\n\n<ul class=\"wp-block-list\"><li>Diplom Textildesignerin (FH)<\/li><li>Heilpraktikerin f\u00fcr Psychotherapie<\/li><li>Psychoanalytische Kunsttherapie (DFKGT)<\/li><li>Psychoonkologische kreative Fachtherapeutin (Zukunftswerkstatt tk)<\/li><\/ul>\n\n\n\n<h2 class=\"wp-block-heading\">Weiterbildung:<\/h2>\n\n\n\n<ul class=\"wp-block-list\"><li>PITT (L. Reddemann)<\/li><li>Strukturelle Dissoziation (E. Njenhuis)<\/li><li>Zapchen somatics (J. Henderson)<\/li><\/ul>\n","protected":false},"excerpt":{"rendered":"<p>In den wilden 60-er Jahren in wenig wilde Verh\u00e4ltnisse geboren, liebte ich meine Farben und Pinsel, die Wiesen und W\u00e4lder, den M\u00fchlenbach und die satten K\u00fche, die B\u00fccher und Schallplatten mit Geschichten, in denen alles m\u00f6glich war.. , seit den&hellip; <\/p>\n","protected":false},"author":1,"featured_media":0,"parent":0,"menu_order":0,"comment_status":"closed","ping_status":"closed","template":"","meta":{"footnotes":""},"class_list":["post-194","page","type-page","status-publish","hentry"],"_links":{"self":[{"href":"https:\/\/heilkunst-therapie.de\/index.php\/wp-json\/wp\/v2\/pages\/194","targetHints":{"allow":["GET"]}}],"collection":[{"href":"https:\/\/heilkunst-therapie.de\/index.php\/wp-json\/wp\/v2\/pages"}],"about":[{"href":"https:\/\/heilkunst-therapie.de\/index.php\/wp-json\/wp\/v2\/types\/page"}],"author":[{"embeddable":true,"href":"https:\/\/heilkunst-therapie.de\/index.php\/wp-json\/wp\/v2\/users\/1"}],"replies":[{"embeddable":true,"href":"https:\/\/heilkunst-therapie.de\/index.php\/wp-json\/wp\/v2\/comments?post=194"}],"version-history":[{"count":15,"href":"https:\/\/heilkunst-therapie.de\/index.php\/wp-json\/wp\/v2\/pages\/194\/revisions"}],"predecessor-version":[{"id":368,"href":"https:\/\/heilkunst-therapie.de\/index.php\/wp-json\/wp\/v2\/pages\/194\/revisions\/368"}],"wp:attachment":[{"href":"https:\/\/heilkunst-therapie.de\/index.php\/wp-json\/wp\/v2\/media?parent=194"}],"curies":[{"name":"wp","href":"https:\/\/api.w.org\/{rel}","templated":true}]}}