{"id":179,"date":"2021-02-23T04:18:06","date_gmt":"2021-02-23T03:18:06","guid":{"rendered":"http:\/\/heilkunst-therapie.de\/?page_id=179"},"modified":"2021-02-25T05:29:07","modified_gmt":"2021-02-25T04:29:07","slug":"kunstpsychotherapie","status":"publish","type":"page","link":"https:\/\/heilkunst-therapie.de\/index.php\/kunstpsychotherapie\/","title":{"rendered":"Kunstpsychotherapie"},"content":{"rendered":"\n<p>Die Kunstpsychotherapie scheint mir in besonderer Weise geeignet, ein Raum f\u00fcr neue Erfahrungen zu sein und Zugang zum Urspr\u00fcnglichem zu bieten. In der sicheren therapeutischen Beziehung kann Verbundenheit entstehen, im kreativen Tun entfalten sich Autonomie und individuelle Entwicklungskraft. <\/p>\n\n\n\n<p>Im Malen und Gestalten machen wir die Erfahrung sch\u00f6pferisch zu sein. Sinnliche K\u00f6rpererfahrungen im Hier und Jetzt, sei es beim Malen mit leuchtenden Farben, beim Formen mit Ton oder beim Bearbeiten eines Steins f\u00f6rdern Achtsamkeit und Pr\u00e4senz, f\u00f6rdern das im Hier und Heute sein. <\/p>\n\n\n\n<p>Die Erfahrung, dass Symbolisierung Verbalisierung erm\u00f6glicht und ich mich malend mitteilen kann, wirkt entlastend und erhellend. Eigene Bed\u00fcrfnisse k\u00f6nnen sichtbar und erkannt werden. Malend wird die M\u00f6glichkeit Einfluss zu nehmen direkt erlebbar und f\u00fchrt letztlich zu mehr Selbstbewusstsein und Selbstf\u00fcrsorge. Dar\u00fcber hinaus geht es immer auch um individuelle Ressourcenaktivierung und Entwicklung, um das Weiten der eigenen Spielr\u00e4ume und M\u00f6glichkeiten. Die direkte Erfahrung von Handhabbarkeit und Selbstwirksamkeit gerade in Verbindung mit pers\u00f6nlichen Belastungen kann tr\u00f6sten, Mut machen und Heilung erm\u00f6glichen. Wachsendes Selbstverst\u00e4ndnis getragen von Respekt, Akzeptanz und Wertsch\u00e4tzung f\u00fchrt nach und nach zu Selbstverst\u00e4ndlichkeit, zu einem \u201eJa &#8211; Ich bin, die ich bin\u201c.<\/p>\n","protected":false},"excerpt":{"rendered":"<p>Die Kunstpsychotherapie scheint mir in besonderer Weise geeignet, ein Raum f\u00fcr neue Erfahrungen zu sein und Zugang zum Urspr\u00fcnglichem zu bieten. In der sicheren therapeutischen Beziehung kann Verbundenheit entstehen, im kreativen Tun entfalten sich Autonomie und individuelle Entwicklungskraft. Im Malen&hellip; <\/p>\n","protected":false},"author":1,"featured_media":0,"parent":0,"menu_order":0,"comment_status":"closed","ping_status":"closed","template":"","meta":{"footnotes":""},"class_list":["post-179","page","type-page","status-publish","hentry"],"_links":{"self":[{"href":"https:\/\/heilkunst-therapie.de\/index.php\/wp-json\/wp\/v2\/pages\/179","targetHints":{"allow":["GET"]}}],"collection":[{"href":"https:\/\/heilkunst-therapie.de\/index.php\/wp-json\/wp\/v2\/pages"}],"about":[{"href":"https:\/\/heilkunst-therapie.de\/index.php\/wp-json\/wp\/v2\/types\/page"}],"author":[{"embeddable":true,"href":"https:\/\/heilkunst-therapie.de\/index.php\/wp-json\/wp\/v2\/users\/1"}],"replies":[{"embeddable":true,"href":"https:\/\/heilkunst-therapie.de\/index.php\/wp-json\/wp\/v2\/comments?post=179"}],"version-history":[{"count":4,"href":"https:\/\/heilkunst-therapie.de\/index.php\/wp-json\/wp\/v2\/pages\/179\/revisions"}],"predecessor-version":[{"id":304,"href":"https:\/\/heilkunst-therapie.de\/index.php\/wp-json\/wp\/v2\/pages\/179\/revisions\/304"}],"wp:attachment":[{"href":"https:\/\/heilkunst-therapie.de\/index.php\/wp-json\/wp\/v2\/media?parent=179"}],"curies":[{"name":"wp","href":"https:\/\/api.w.org\/{rel}","templated":true}]}}